{"id":579,"date":"2025-09-17T18:32:19","date_gmt":"2025-09-17T21:32:19","guid":{"rendered":"https:\/\/lr3digital.com.br\/?page_id=579"},"modified":"2025-12-04T11:22:13","modified_gmt":"2025-12-04T14:22:13","slug":"sobre","status":"publish","type":"page","link":"https:\/\/lr3digital.com.br\/en\/sobre\/","title":{"rendered":"Sobre"},"content":{"rendered":"\t\t<div data-elementor-type=\"wp-page\" data-elementor-id=\"579\" class=\"elementor elementor-579\" data-elementor-post-type=\"page\">\n\t\t\t\t<div class=\"elementor-element elementor-element-c0d3f2d elementor-hidden-mobile elementor-hidden-mobile_extra e-flex e-con-boxed e-con e-parent\" data-id=\"c0d3f2d\" data-element_type=\"container\" data-e-type=\"container\" data-settings=\"{&quot;background_background&quot;:&quot;video&quot;,&quot;background_video_link&quot;:&quot;https:\\\/\\\/lr3digital.com.br\\\/wp-content\\\/uploads\\\/2025\\\/09\\\/Background-lr3-digital.mp4&quot;,&quot;background_video_start&quot;:5,&quot;background_video_end&quot;:14}\">\n\t\t\t\t\t<div class=\"e-con-inner\">\n\t\t<div class=\"elementor-background-video-container elementor-hidden-mobile\">\n\t\t\t\t\t\t\t<video class=\"elementor-background-video-hosted\" role=\"presentation\" autoplay muted playsinline loop><\/video>\n\t\t\t\t\t<\/div><div class=\"elementor-element elementor-element-c1d5b86 e-grid e-con-full e-con e-child\" data-id=\"c1d5b86\" data-element_type=\"container\" data-e-type=\"container\">\n\t\t<div class=\"elementor-element elementor-element-ef18e05 e-con-full e-flex e-con e-child\" data-id=\"ef18e05\" data-element_type=\"container\" data-e-type=\"container\">\n\t\t\t\t<div class=\"elementor-element elementor-element-f888f9a elementor-invisible elementor-widget elementor-widget-heading\" data-id=\"f888f9a\" data-element_type=\"widget\" data-e-type=\"widget\" data-settings=\"{&quot;_animation&quot;:&quot;fadeInUp&quot;}\" data-widget_type=\"heading.default\">\n\t\t\t\t\t<div class=\"elementor-heading-title elementor-size-default\">DESENVOLVIMENTO DE SITES<\/div>\t\t\t\t<\/div>\n\t\t\t\t<\/div>\n\t\t<div class=\"elementor-element elementor-element-9597ad0 e-con-full e-flex e-con e-child\" data-id=\"9597ad0\" data-element_type=\"container\" data-e-type=\"container\">\n\t\t\t\t<div class=\"elementor-element elementor-element-16ad1ef elementor-invisible elementor-widget elementor-widget-heading\" data-id=\"16ad1ef\" data-element_type=\"widget\" data-e-type=\"widget\" data-settings=\"{&quot;_animation&quot;:&quot;fadeInUp&quot;}\" data-widget_type=\"heading.default\">\n\t\t\t\t\t<div class=\"elementor-heading-title elementor-size-default\">POSICIONAMENTO<\/div>\t\t\t\t<\/div>\n\t\t\t\t<\/div>\n\t\t<div class=\"elementor-element elementor-element-d06a48a e-con-full e-flex e-con e-child\" data-id=\"d06a48a\" data-element_type=\"container\" data-e-type=\"container\">\n\t\t\t\t<div class=\"elementor-element elementor-element-1b2a3bb elementor-invisible elementor-widget elementor-widget-heading\" data-id=\"1b2a3bb\" data-element_type=\"widget\" data-e-type=\"widget\" data-settings=\"{&quot;_animation&quot;:&quot;fadeInUp&quot;}\" data-widget_type=\"heading.default\">\n\t\t\t\t\t<div class=\"elementor-heading-title elementor-size-default\">TR\u00c1FEGO PAGO<\/div>\t\t\t\t<\/div>\n\t\t\t\t<\/div>\n\t\t\t\t<\/div>\n\t\t<div class=\"elementor-element elementor-element-5bdf8fd e-con-full e-flex e-con e-child\" data-id=\"5bdf8fd\" data-element_type=\"container\" data-e-type=\"container\" data-settings=\"{&quot;background_background&quot;:&quot;classic&quot;}\">\n\t\t\t\t<div class=\"elementor-element elementor-element-4e74e65 elementor-widget-laptop__width-initial elementor-widget elementor-widget-heading\" data-id=\"4e74e65\" data-element_type=\"widget\" data-e-type=\"widget\" data-widget_type=\"heading.default\">\n\t\t\t\t\t<h1 class=\"elementor-heading-title elementor-size-default\">Sobre n\u00f3s<\/h1>\t\t\t\t<\/div>\n\t\t\t\t<div class=\"elementor-element elementor-element-b53cbc6 elementor-widget-laptop__width-initial elementor-widget elementor-widget-heading\" data-id=\"b53cbc6\" data-element_type=\"widget\" data-e-type=\"widget\" data-widget_type=\"heading.default\">\n\t\t\t\t\t<h2 class=\"elementor-heading-title elementor-size-default\">Ag\u00eancia de Marketing Digital em S\u00e3o Paulo<\/h2>\t\t\t\t<\/div>\n\t\t\t\t<div class=\"elementor-element elementor-element-9b85df0 elementor-widget__width-initial elementor-widget-laptop__width-initial elementor-widget elementor-widget-image\" data-id=\"9b85df0\" data-element_type=\"widget\" data-e-type=\"widget\" data-widget_type=\"image.default\">\n\t\t\t\t\t\t\t\t\t\t\t\t\t\t\t<img fetchpriority=\"high\" decoding=\"async\" width=\"398\" height=\"155\" src=\"https:\/\/lr3digital.com.br\/wp-content\/uploads\/2025\/08\/pretoPrancheta-1b2-1.png\" class=\"attachment-large size-large wp-image-256\" alt=\"Logo-LR3-Digital-Sobre\" srcset=\"https:\/\/lr3digital.com.br\/wp-content\/uploads\/2025\/08\/pretoPrancheta-1b2-1.png 398w, https:\/\/lr3digital.com.br\/wp-content\/uploads\/2025\/08\/pretoPrancheta-1b2-1-300x117.png 300w\" sizes=\"(max-width: 398px) 100vw, 398px\" \/>\t\t\t\t\t\t\t\t\t\t\t\t\t\t\t<\/div>\n\t\t\t\t<div class=\"elementor-element elementor-element-07cf965 elementor-widget__width-initial elementor-widget-laptop__width-initial elementor-invisible elementor-widget elementor-widget-heading\" data-id=\"07cf965\" data-element_type=\"widget\" data-e-type=\"widget\" data-settings=\"{&quot;_animation&quot;:&quot;fadeInDown&quot;,&quot;_animation_delay&quot;:300}\" data-widget_type=\"heading.default\">\n\t\t\t\t\t<div class=\"elementor-heading-title elementor-size-default\">Desenvolvimento web, tr\u00e1fego pago, SEO e estrat\u00e9gias pensadas para gerar resultados reais, da cria\u00e7\u00e3o \u00e0 divulga\u00e7\u00e3o, cuidamos de todo o seu posicionamento online.<\/div>\t\t\t\t<\/div>\n\t\t<div class=\"elementor-element elementor-element-b58031b elementor-hidden-widescreen elementor-hidden-desktop elementor-hidden-laptop elementor-hidden-tablet_extra elementor-hidden-tablet elementor-hidden-mobile_extra elementor-hidden-mobile e-flex e-con-boxed e-con e-child\" data-id=\"b58031b\" data-element_type=\"container\" data-e-type=\"container\">\n\t\t\t\t\t<div class=\"e-con-inner\">\n\t\t\t\t<div class=\"elementor-element elementor-element-9f1b7c6 elementor-align-center elementor-mobile-align-justify elementor-widget elementor-widget-button\" data-id=\"9f1b7c6\" data-element_type=\"widget\" data-e-type=\"widget\" data-widget_type=\"button.default\">\n\t\t\t\t\t\t\t\t\t\t<a class=\"elementor-button elementor-button-link elementor-size-md\" href=\"https:\/\/lr3digital.com.br\/#servicos\">\n\t\t\t\t\t\t<span class=\"elementor-button-content-wrapper\">\n\t\t\t\t\t\t\t\t\t<span class=\"elementor-button-text\">Solu\u00e7\u00f5es para sua empresa<\/span>\n\t\t\t\t\t<\/span>\n\t\t\t\t\t<\/a>\n\t\t\t\t\t\t\t\t<\/div>\n\t\t\t\t\t<\/div>\n\t\t\t\t<\/div>\n\t\t\t\t<\/div>\n\t\t\t\t\t<\/div>\n\t\t\t\t<\/div>\n\t\t<div class=\"elementor-element elementor-element-8e429e9 elementor-hidden-widescreen elementor-hidden-desktop elementor-hidden-laptop elementor-hidden-tablet elementor-hidden-tablet_extra e-flex e-con-boxed e-con e-parent\" data-id=\"8e429e9\" data-element_type=\"container\" data-e-type=\"container\" data-settings=\"{&quot;background_background&quot;:&quot;slideshow&quot;,&quot;background_slideshow_gallery&quot;:[{&quot;id&quot;:1803,&quot;url&quot;:&quot;https:\\\/\\\/lr3digital.com.br\\\/wp-content\\\/uploads\\\/2025\\\/10\\\/background-mobile-lr3digital-solucoes-em-marketing-digital.webp&quot;}],&quot;background_slideshow_loop&quot;:&quot;yes&quot;,&quot;background_slideshow_slide_duration&quot;:5000,&quot;background_slideshow_slide_transition&quot;:&quot;fade&quot;,&quot;background_slideshow_transition_duration&quot;:500}\">\n\t\t\t\t\t<div class=\"e-con-inner\">\n\t\t<div class=\"elementor-element elementor-element-588ce76 e-grid e-con-full e-con e-child\" data-id=\"588ce76\" data-element_type=\"container\" data-e-type=\"container\">\n\t\t<div class=\"elementor-element elementor-element-de50681 e-con-full e-flex e-con e-child\" data-id=\"de50681\" data-element_type=\"container\" data-e-type=\"container\">\n\t\t\t\t<div class=\"elementor-element elementor-element-4836c9a elementor-invisible elementor-widget elementor-widget-heading\" data-id=\"4836c9a\" data-element_type=\"widget\" data-e-type=\"widget\" data-settings=\"{&quot;_animation&quot;:&quot;fadeInUp&quot;}\" data-widget_type=\"heading.default\">\n\t\t\t\t\t<div class=\"elementor-heading-title elementor-size-default\">desenvolvimento DE sites<\/div>\t\t\t\t<\/div>\n\t\t\t\t<\/div>\n\t\t<div class=\"elementor-element elementor-element-7aa3760 e-con-full e-flex e-con e-child\" data-id=\"7aa3760\" data-element_type=\"container\" data-e-type=\"container\">\n\t\t\t\t<div class=\"elementor-element elementor-element-922ab09 elementor-invisible elementor-widget elementor-widget-heading\" data-id=\"922ab09\" data-element_type=\"widget\" data-e-type=\"widget\" data-settings=\"{&quot;_animation&quot;:&quot;fadeInUp&quot;}\" data-widget_type=\"heading.default\">\n\t\t\t\t\t<div class=\"elementor-heading-title elementor-size-default\">posicionamento<\/div>\t\t\t\t<\/div>\n\t\t\t\t<\/div>\n\t\t<div class=\"elementor-element elementor-element-ed56100 e-con-full e-flex e-con e-child\" data-id=\"ed56100\" data-element_type=\"container\" data-e-type=\"container\">\n\t\t\t\t<div class=\"elementor-element elementor-element-b267039 elementor-invisible elementor-widget elementor-widget-heading\" data-id=\"b267039\" data-element_type=\"widget\" data-e-type=\"widget\" data-settings=\"{&quot;_animation&quot;:&quot;fadeInUp&quot;}\" data-widget_type=\"heading.default\">\n\t\t\t\t\t<div class=\"elementor-heading-title elementor-size-default\">tr\u00e1fego pago<\/div>\t\t\t\t<\/div>\n\t\t\t\t<\/div>\n\t\t\t\t<\/div>\n\t\t<div class=\"elementor-element elementor-element-fd39eb4 e-con-full e-flex e-con e-child\" data-id=\"fd39eb4\" data-element_type=\"container\" data-e-type=\"container\" data-settings=\"{&quot;background_background&quot;:&quot;classic&quot;}\">\n\t\t\t\t<div class=\"elementor-element elementor-element-de40519 elementor-widget-laptop__width-initial elementor-widget elementor-widget-heading\" data-id=\"de40519\" data-element_type=\"widget\" data-e-type=\"widget\" data-widget_type=\"heading.default\">\n\t\t\t\t\t<span class=\"elementor-heading-title elementor-size-default\">Sobre n\u00f3s<\/span>\t\t\t\t<\/div>\n\t\t\t\t<div class=\"elementor-element elementor-element-db15f29 elementor-widget__width-initial elementor-widget elementor-widget-image\" data-id=\"db15f29\" data-element_type=\"widget\" data-e-type=\"widget\" data-widget_type=\"image.default\">\n\t\t\t\t\t\t\t\t\t\t\t\t\t\t\t<img fetchpriority=\"high\" decoding=\"async\" width=\"398\" height=\"155\" src=\"https:\/\/lr3digital.com.br\/wp-content\/uploads\/2025\/08\/pretoPrancheta-1b2-1.png\" class=\"attachment-large size-large wp-image-256\" alt=\"Logo-LR3-Digital-Sobre\" srcset=\"https:\/\/lr3digital.com.br\/wp-content\/uploads\/2025\/08\/pretoPrancheta-1b2-1.png 398w, https:\/\/lr3digital.com.br\/wp-content\/uploads\/2025\/08\/pretoPrancheta-1b2-1-300x117.png 300w\" sizes=\"(max-width: 398px) 100vw, 398px\" \/>\t\t\t\t\t\t\t\t\t\t\t\t\t\t\t<\/div>\n\t\t\t\t<div class=\"elementor-element elementor-element-4dde3df elementor-widget__width-initial elementor-invisible elementor-widget elementor-widget-heading\" data-id=\"4dde3df\" data-element_type=\"widget\" data-e-type=\"widget\" data-settings=\"{&quot;_animation&quot;:&quot;fadeInDown&quot;,&quot;_animation_delay&quot;:300}\" data-widget_type=\"heading.default\">\n\t\t\t\t\t<div class=\"elementor-heading-title elementor-size-default\">Desenvolvimento web, tr\u00e1fego pago, SEO e estrat\u00e9gias pensadas para gerar resultados reais, da cria\u00e7\u00e3o \u00e0 divulga\u00e7\u00e3o, cuidamos de todo o seu posicionamento online.<\/div>\t\t\t\t<\/div>\n\t\t<div class=\"elementor-element elementor-element-686603f elementor-hidden-widescreen elementor-hidden-desktop elementor-hidden-laptop elementor-hidden-tablet_extra elementor-hidden-tablet elementor-hidden-mobile_extra elementor-hidden-mobile e-flex e-con-boxed e-con e-child\" data-id=\"686603f\" data-element_type=\"container\" data-e-type=\"container\">\n\t\t\t\t\t<div class=\"e-con-inner\">\n\t\t\t\t<div class=\"elementor-element elementor-element-1dd5267 elementor-align-center elementor-mobile-align-justify elementor-widget elementor-widget-button\" data-id=\"1dd5267\" data-element_type=\"widget\" data-e-type=\"widget\" data-widget_type=\"button.default\">\n\t\t\t\t\t\t\t\t\t\t<a class=\"elementor-button elementor-button-link elementor-size-md\" href=\"#\">\n\t\t\t\t\t\t<span class=\"elementor-button-content-wrapper\">\n\t\t\t\t\t\t\t\t\t<span class=\"elementor-button-text\">Solu\u00e7\u00f5es para sua empresa<\/span>\n\t\t\t\t\t<\/span>\n\t\t\t\t\t<\/a>\n\t\t\t\t\t\t\t\t<\/div>\n\t\t\t\t\t<\/div>\n\t\t\t\t<\/div>\n\t\t\t\t<\/div>\n\t\t\t\t\t<\/div>\n\t\t\t\t<\/div>\n\t\t<div class=\"elementor-element elementor-element-e75e81d e-flex e-con-boxed e-con e-parent\" data-id=\"e75e81d\" data-element_type=\"container\" data-e-type=\"container\" data-settings=\"{&quot;background_background&quot;:&quot;classic&quot;}\">\n\t\t\t\t\t<div class=\"e-con-inner\">\n\t\t<div class=\"elementor-element elementor-element-d23fd24 e-con-full e-flex e-con e-child\" data-id=\"d23fd24\" data-element_type=\"container\" data-e-type=\"container\" data-settings=\"{&quot;background_background&quot;:&quot;gradient&quot;}\">\n\t\t\t\t<div class=\"elementor-element elementor-element-1fb68e9 elementor-widget__width-initial elementor-widget-mobile__width-initial elementor-invisible elementor-widget elementor-widget-heading\" data-id=\"1fb68e9\" data-element_type=\"widget\" data-e-type=\"widget\" data-settings=\"{&quot;_animation&quot;:&quot;fadeInUp&quot;,&quot;_animation_delay&quot;:300}\" data-widget_type=\"heading.default\">\n\t\t\t\t\t<h3 class=\"elementor-heading-title elementor-size-default\">Ajudamos pequenas e m\u00e9dias empresas a se posicionarem no digital com a mesma estr\u00e1tegia e profissionalismo das grandes marcas.<\/h3>\t\t\t\t<\/div>\n\t\t\t\t<\/div>\n\t\t<div class=\"elementor-element elementor-element-cb9552f e-con-full e-flex elementor-invisible e-con e-child\" data-id=\"cb9552f\" data-element_type=\"container\" data-e-type=\"container\" data-settings=\"{&quot;animation&quot;:&quot;fadeInLeft&quot;}\">\n\t\t\t\t<div class=\"elementor-element elementor-element-193035f elementor-widget elementor-widget-video\" data-id=\"193035f\" data-element_type=\"widget\" data-e-type=\"widget\" data-settings=\"{&quot;youtube_url&quot;:&quot;https:\\\/\\\/youtu.be\\\/LPvWznuZHLM&quot;,&quot;video_type&quot;:&quot;youtube&quot;,&quot;controls&quot;:&quot;yes&quot;}\" data-widget_type=\"video.default\">\n\t\t\t\t\t\t\t<div class=\"elementor-wrapper elementor-open-inline\">\n\t\t\t<div class=\"elementor-video\"><\/div>\t\t<\/div>\n\t\t\t\t\t\t<\/div>\n\t\t\t\t<\/div>\n\t\t<div class=\"elementor-element elementor-element-05df25f e-con-full e-flex elementor-invisible e-con e-child\" data-id=\"05df25f\" data-element_type=\"container\" data-e-type=\"container\" data-settings=\"{&quot;animation&quot;:&quot;fadeInRight&quot;}\">\n\t\t\t\t<div class=\"elementor-element elementor-element-0f977c6 elementor-widget-mobile__width-initial elementor-invisible elementor-widget elementor-widget-heading\" data-id=\"0f977c6\" data-element_type=\"widget\" data-e-type=\"widget\" data-settings=\"{&quot;_animation&quot;:&quot;fadeInUp&quot;}\" data-widget_type=\"heading.default\">\n\t\t\t\t\t<h2 class=\"elementor-heading-title elementor-size-default\">Marketing que entrega resultados<\/h2>\t\t\t\t<\/div>\n\t\t\t\t<div class=\"elementor-element elementor-element-e8ef7ae elementor-widget__width-initial elementor-widget elementor-widget-heading\" data-id=\"e8ef7ae\" data-element_type=\"widget\" data-e-type=\"widget\" data-widget_type=\"heading.default\">\n\t\t\t\t\t<h3 class=\"elementor-heading-title elementor-size-default\">Estrat\u00e9gia, design e performance!<\/h3>\t\t\t\t<\/div>\n\t\t\t\t<div class=\"elementor-element elementor-element-b6e2f61 elementor-widget__width-initial elementor-widget-mobile_extra__width-initial elementor-widget elementor-widget-text-editor\" data-id=\"b6e2f61\" data-element_type=\"widget\" data-e-type=\"widget\" data-widget_type=\"text-editor.default\">\n\t\t\t\t\t\t\t\t\t<p data-start=\"183\" data-end=\"549\">A LR3 Digital \u00e9 uma ag\u00eancia de marketing digital em S\u00e3o Paulo que conecta marcas ao seu p\u00fablico por meio de an\u00fancios online, posicionamento estrat\u00e9gico e cria\u00e7\u00e3o de sites de alta performance. Desenvolvemos estrat\u00e9gias sob medida para ampliar a visibilidade das empresas, atrair tr\u00e1fego qualificado e fortalecer sua presen\u00e7a no ambiente digital.<\/p><p data-start=\"551\" data-end=\"829\">Contamos com uma equipe enxuta e altamente especializada, capaz de planejar e executar solu\u00e7\u00f5es completas em marketing digital, desde campanhas de tr\u00e1fego pago e otimiza\u00e7\u00e3o de SEO, at\u00e9 o desenvolvimento de sites profissionais, landing pages e manuten\u00e7\u00e3o em WordPress.<\/p><p data-start=\"831\" data-end=\"985\">Do planejamento \u00e0 entrega final, unimos estrat\u00e9gia, design e tecnologia para gerar resultados reais e impulsionar o crescimento dos nossos clientes.<\/p><p data-start=\"831\" data-end=\"985\">Transforme sua presen\u00e7a digital hoje mesmo! Fale com a LR3 Digital e descubra como estrat\u00e9gias de marketing, tr\u00e1fego pago e sites profissionais podem impulsionar o crescimento da sua empresa.<\/p>\t\t\t\t\t\t\t\t<\/div>\n\t\t\t\t<div class=\"elementor-element elementor-element-54bfde4 elementor-widget__width-initial elementor-widget-mobile_extra__width-initial elementor-hidden-widescreen elementor-hidden-desktop elementor-hidden-laptop elementor-hidden-tablet_extra elementor-hidden-tablet elementor-hidden-mobile_extra elementor-hidden-mobile elementor-widget elementor-widget-text-editor\" data-id=\"54bfde4\" data-element_type=\"widget\" data-e-type=\"widget\" data-widget_type=\"text-editor.default\">\n\t\t\t\t\t\t\t\t\t<p data-start=\"221\" data-end=\"641\">Na <strong data-start=\"224\" data-end=\"239\">LR3 Digital<\/strong>, acreditamos que cada empresa \u00e9 \u00fanica e merece solu\u00e7\u00f5es personalizadas para se destacar no mundo digital. Nossa equipe, embora enxuta, \u00e9 altamente especializada e trabalha lado a lado com os clientes para criar <strong data-start=\"451\" data-end=\"497\">estrat\u00e9gias completas de marketing digital<\/strong>, focadas em resultados reais. Atuamos desde o planejamento at\u00e9 a execu\u00e7\u00e3o, garantindo que cada a\u00e7\u00e3o esteja alinhada aos objetivos do neg\u00f3cio.<\/p><p data-start=\"643\" data-end=\"1053\">Oferecemos <strong data-start=\"654\" data-end=\"700\">desenvolvimento de websites institucionais<\/strong>, <strong data-start=\"702\" data-end=\"719\">landing pages<\/strong> otimizadas para convers\u00e3o e <strong data-start=\"748\" data-end=\"763\">e-commerces<\/strong> eficientes, sempre com foco em <strong data-start=\"795\" data-end=\"827\">SEO e experi\u00eancia do usu\u00e1rio<\/strong>. Cada site ou p\u00e1gina \u00e9 desenvolvido com aten\u00e7\u00e3o aos detalhes, pensando na performance, velocidade e design estrat\u00e9gico, garantindo que sua marca seja n\u00e3o apenas bonita, mas tamb\u00e9m funcional e capaz de atrair novos clientes.<\/p><p data-start=\"1055\" data-end=\"1373\">Nosso trabalho tamb\u00e9m envolve <strong data-start=\"1085\" data-end=\"1111\">gest\u00e3o de tr\u00e1fego pago<\/strong>, utilizando plataformas como <strong data-start=\"1141\" data-end=\"1179\">Google Ads, Meta Ads e YouTube Ads<\/strong>. Criamos campanhas personalizadas que geram <strong data-start=\"1224\" data-end=\"1274\">alcance, leads qualificados e convers\u00f5es reais<\/strong>, acompanhando o desempenho de cada an\u00fancio e ajustando estrat\u00e9gias para maximizar os resultados.<\/p><p data-start=\"1375\" data-end=\"1747\">Al\u00e9m disso, oferecemos <strong data-start=\"1398\" data-end=\"1434\">manuten\u00e7\u00e3o completa em WordPress<\/strong>, garantindo que sites e projetos digitais estejam sempre atualizados, seguros e funcionando perfeitamente. Fazemos atualiza\u00e7\u00f5es de plugins, pequenos ajustes, otimiza\u00e7\u00e3o de desempenho e ativa\u00e7\u00e3o de licen\u00e7as, permitindo que nossos clientes foquem no crescimento do neg\u00f3cio sem se preocupar com quest\u00f5es t\u00e9cnicas.<\/p><p data-start=\"1749\" data-end=\"2176\">Na LR3 Digital, <strong data-start=\"1765\" data-end=\"1845\">cada projeto come\u00e7a com a an\u00e1lise do neg\u00f3cio e defini\u00e7\u00e3o de objetivos claros<\/strong>. A partir disso, criamos um <strong data-start=\"1874\" data-end=\"1916\">plano estrat\u00e9gico de marketing digital<\/strong>, integrando <strong data-start=\"1929\" data-end=\"1980\">SEO, desenvolvimento web, design e tr\u00e1fego pago<\/strong>. Essa abordagem permite que nossas a\u00e7\u00f5es sejam consistentes, mensur\u00e1veis e focadas em resultados concretos, seja aumentar a visibilidade da marca, gerar mais leads ou impulsionar vendas online.<\/p><p data-start=\"2178\" data-end=\"2459\">Nosso compromisso \u00e9 entregar <strong data-start=\"2207\" data-end=\"2244\">solu\u00e7\u00f5es completas e estrat\u00e9gicas<\/strong>, conectando o design, a tecnologia e a performance digital. Trabalhamos para que pequenas e m\u00e9dias empresas consigam competir com grandes marcas, conquistando presen\u00e7a online, autoridade e resultados expressivos.<\/p><p data-start=\"2461\" data-end=\"2757\">Se voc\u00ea busca uma ag\u00eancia que <strong data-start=\"2491\" data-end=\"2589\">entenda seu neg\u00f3cio, trace estrat\u00e9gias inteligentes e execute a\u00e7\u00f5es digitais de forma completa<\/strong>, a <strong data-start=\"2593\" data-end=\"2608\">LR3 Digital<\/strong> \u00e9 a escolha certa. Combinamos criatividade, conhecimento t\u00e9cnico e foco em resultados para levar sua empresa ao pr\u00f3ximo n\u00edvel no ambiente digital.<\/p>\t\t\t\t\t\t\t\t<\/div>\n\t\t\t\t<div class=\"elementor-element elementor-element-ebe09c7 elementor-widget elementor-widget-button\" data-id=\"ebe09c7\" data-element_type=\"widget\" data-e-type=\"widget\" data-widget_type=\"button.default\">\n\t\t\t\t\t\t\t\t\t\t<a class=\"elementor-button elementor-button-link elementor-size-md\" href=\"https:\/\/api.whatsapp.com\/send\/?phone=5511993191614&#038;text=Ol%C3%A1%21+Quero+saber+mais+sobre+os+servi%C3%A7os+da+sua+empresa.\" target=\"_blank\" rel=\"noopener\">\n\t\t\t\t\t\t<span class=\"elementor-button-content-wrapper\">\n\t\t\t\t\t\t\t\t\t<span class=\"elementor-button-text\">Falar com a nossa equipe!!<\/span>\n\t\t\t\t\t<\/span>\n\t\t\t\t\t<\/a>\n\t\t\t\t\t\t\t\t<\/div>\n\t\t\t\t<\/div>\n\t\t\t\t\t<\/div>\n\t\t\t\t<\/div>\n\t\t<div class=\"elementor-element elementor-element-0bacd78 elementor-hidden-widescreen elementor-hidden-desktop elementor-hidden-laptop elementor-hidden-tablet_extra elementor-hidden-tablet elementor-hidden-mobile_extra elementor-hidden-mobile e-flex e-con-boxed e-con e-parent\" data-id=\"0bacd78\" data-element_type=\"container\" data-e-type=\"container\">\n\t\t\t\t\t<div class=\"e-con-inner\">\n\t\t\t\t<div class=\"elementor-element elementor-element-b033b51 elementor-widget elementor-widget-text-editor\" data-id=\"b033b51\" data-element_type=\"widget\" data-e-type=\"widget\" data-widget_type=\"text-editor.default\">\n\t\t\t\t\t\t\t\t\t<p>\u201cAcreditamos que performance vem da combina\u00e7\u00e3o entre design e dados, como destaca o <a class=\"decorated-link cursor-pointer\" href=\"https:\/\/www.thinkwithgoogle.com\/intl\/pt-br\/\" target=\"_new\" rel=\"noopener\" data-start=\"2368\" data-end=\"2432\">Think With Google<\/a><\/p>\t\t\t\t\t\t\t\t<\/div>\n\t\t\t\t\t<\/div>\n\t\t\t\t<\/div>\n\t\t\t\t<\/div>\n\t\t","protected":false},"excerpt":{"rendered":"<p>DESENVOLVIMENTO DE SITES POSICIONAMENTO TR\u00c1FEGO PAGO Sobre n\u00f3s Ag\u00eancia de Marketing Digital em S\u00e3o Paulo Desenvolvimento web, tr\u00e1fego pago, SEO e estrat\u00e9gias pensadas para gerar resultados reais, da cria\u00e7\u00e3o \u00e0 divulga\u00e7\u00e3o, cuidamos de todo o seu posicionamento online. Solu\u00e7\u00f5es para sua empresa desenvolvimento DE sites posicionamento tr\u00e1fego pago Sobre n\u00f3s Desenvolvimento web, tr\u00e1fego pago, SEO [&hellip;]<\/p>\n","protected":false},"author":1,"featured_media":0,"parent":0,"menu_order":0,"comment_status":"closed","ping_status":"closed","template":"elementor_header_footer","meta":{"footnotes":""},"class_list":["post-579","page","type-page","status-publish","hentry"],"_links":{"self":[{"href":"https:\/\/lr3digital.com.br\/en\/wp-json\/wp\/v2\/pages\/579","targetHints":{"allow":["GET"]}}],"collection":[{"href":"https:\/\/lr3digital.com.br\/en\/wp-json\/wp\/v2\/pages"}],"about":[{"href":"https:\/\/lr3digital.com.br\/en\/wp-json\/wp\/v2\/types\/page"}],"author":[{"embeddable":true,"href":"https:\/\/lr3digital.com.br\/en\/wp-json\/wp\/v2\/users\/1"}],"replies":[{"embeddable":true,"href":"https:\/\/lr3digital.com.br\/en\/wp-json\/wp\/v2\/comments?post=579"}],"version-history":[{"count":0,"href":"https:\/\/lr3digital.com.br\/en\/wp-json\/wp\/v2\/pages\/579\/revisions"}],"wp:attachment":[{"href":"https:\/\/lr3digital.com.br\/en\/wp-json\/wp\/v2\/media?parent=579"}],"curies":[{"name":"wp","href":"https:\/\/api.w.org\/{rel}","templated":true}]}}