{"id":1139,"date":"2025-09-24T21:50:00","date_gmt":"2025-09-25T00:50:00","guid":{"rendered":"https:\/\/lr3digital.com.br\/?page_id=1139"},"modified":"2025-10-25T21:17:13","modified_gmt":"2025-10-26T00:17:13","slug":"politicas-de-cookies","status":"publish","type":"page","link":"https:\/\/lr3digital.com.br\/en\/politicas-de-cookies\/","title":{"rendered":"Cookie Policy"},"content":{"rendered":"\t\t<div data-elementor-type=\"wp-page\" data-elementor-id=\"1139\" class=\"elementor elementor-1139\" data-elementor-post-type=\"page\">\n\t\t\t\t<div class=\"elementor-element elementor-element-0420186 elementor-hidden-mobile e-flex e-con-boxed e-con e-parent\" data-id=\"0420186\" data-element_type=\"container\" data-e-type=\"container\" data-settings=\"{&quot;background_background&quot;:&quot;video&quot;,&quot;background_video_link&quot;:&quot;https:\\\/\\\/lr3digital.com.br\\\/wp-content\\\/uploads\\\/2025\\\/09\\\/Background-lr3-digital.mp4&quot;,&quot;background_video_start&quot;:5,&quot;background_video_end&quot;:14}\">\n\t\t\t\t\t<div class=\"e-con-inner\">\n\t\t<div class=\"elementor-background-video-container elementor-hidden-mobile\">\n\t\t\t\t\t\t\t<video class=\"elementor-background-video-hosted\" role=\"presentation\" autoplay muted playsinline loop><\/video>\n\t\t\t\t\t<\/div><div class=\"elementor-element elementor-element-a28f881 e-con-full e-flex e-con e-child\" data-id=\"a28f881\" data-element_type=\"container\" data-e-type=\"container\" data-settings=\"{&quot;background_background&quot;:&quot;classic&quot;}\">\n\t\t\t\t<div class=\"elementor-element elementor-element-9d18865 elementor-widget-laptop__width-initial elementor-widget elementor-widget-heading\" data-id=\"9d18865\" data-element_type=\"widget\" data-e-type=\"widget\" data-widget_type=\"heading.default\">\n\t\t\t\t\t<h3 class=\"elementor-heading-title elementor-size-default\">Pol\u00edticas de Cookies<\/h3>\t\t\t\t<\/div>\n\t\t\t\t<div class=\"elementor-element elementor-element-42c0c4b elementor-widget__width-initial elementor-widget-laptop__width-initial elementor-widget elementor-widget-image\" data-id=\"42c0c4b\" data-element_type=\"widget\" data-e-type=\"widget\" data-widget_type=\"image.default\">\n\t\t\t\t\t\t\t\t\t\t\t\t\t\t\t<img fetchpriority=\"high\" decoding=\"async\" width=\"398\" height=\"155\" src=\"https:\/\/lr3digital.com.br\/wp-content\/uploads\/2025\/08\/pretoPrancheta-1b2-1.png\" class=\"attachment-large size-large wp-image-256\" alt=\"Logo-LR3-Digital-Sobre\" srcset=\"https:\/\/lr3digital.com.br\/wp-content\/uploads\/2025\/08\/pretoPrancheta-1b2-1.png 398w, https:\/\/lr3digital.com.br\/wp-content\/uploads\/2025\/08\/pretoPrancheta-1b2-1-300x117.png 300w\" sizes=\"(max-width: 398px) 100vw, 398px\" \/>\t\t\t\t\t\t\t\t\t\t\t\t\t\t\t<\/div>\n\t\t\t\t<div class=\"elementor-element elementor-element-b400f09 elementor-widget__width-initial elementor-invisible elementor-widget elementor-widget-heading\" data-id=\"b400f09\" data-element_type=\"widget\" data-e-type=\"widget\" data-settings=\"{&quot;_animation&quot;:&quot;fadeInDown&quot;,&quot;_animation_delay&quot;:300}\" data-widget_type=\"heading.default\">\n\t\t\t\t\t<div class=\"elementor-heading-title elementor-size-default\">Desenvolvimento web, tr\u00e1fego pago, SEO e estrat\u00e9gias pensadas para gerar resultados reais, da cria\u00e7\u00e3o \u00e0 divulga\u00e7\u00e3o, cuidamos de todo o seu posicionamento online.<\/div>\t\t\t\t<\/div>\n\t\t<div class=\"elementor-element elementor-element-063f81e elementor-hidden-widescreen elementor-hidden-desktop elementor-hidden-laptop elementor-hidden-tablet_extra elementor-hidden-tablet elementor-hidden-mobile_extra elementor-hidden-mobile e-flex e-con-boxed e-con e-child\" data-id=\"063f81e\" data-element_type=\"container\" data-e-type=\"container\">\n\t\t\t\t\t<div class=\"e-con-inner\">\n\t\t\t\t<div class=\"elementor-element elementor-element-213c2f2 elementor-align-center elementor-mobile-align-justify elementor-widget elementor-widget-button\" data-id=\"213c2f2\" data-element_type=\"widget\" data-e-type=\"widget\" data-widget_type=\"button.default\">\n\t\t\t\t\t\t\t\t\t\t<a class=\"elementor-button elementor-button-link elementor-size-md\" href=\"#\">\n\t\t\t\t\t\t<span class=\"elementor-button-content-wrapper\">\n\t\t\t\t\t\t\t\t\t<span class=\"elementor-button-text\">Solu\u00e7\u00f5es para sua empresa<\/span>\n\t\t\t\t\t<\/span>\n\t\t\t\t\t<\/a>\n\t\t\t\t\t\t\t\t<\/div>\n\t\t\t\t\t<\/div>\n\t\t\t\t<\/div>\n\t\t\t\t<\/div>\n\t\t\t\t\t<\/div>\n\t\t\t\t<\/div>\n\t\t<div class=\"elementor-element elementor-element-87773df elementor-hidden-widescreen elementor-hidden-desktop elementor-hidden-laptop elementor-hidden-tablet e-flex e-con-boxed e-con e-parent\" data-id=\"87773df\" data-element_type=\"container\" data-e-type=\"container\" data-settings=\"{&quot;background_background&quot;:&quot;slideshow&quot;,&quot;background_slideshow_gallery&quot;:[{&quot;id&quot;:1803,&quot;url&quot;:&quot;https:\\\/\\\/lr3digital.com.br\\\/wp-content\\\/uploads\\\/2025\\\/10\\\/background-mobile-lr3digital-solucoes-em-marketing-digital.webp&quot;}],&quot;background_slideshow_loop&quot;:&quot;yes&quot;,&quot;background_slideshow_slide_duration&quot;:5000,&quot;background_slideshow_slide_transition&quot;:&quot;fade&quot;,&quot;background_slideshow_transition_duration&quot;:500}\">\n\t\t\t\t\t<div class=\"e-con-inner\">\n\t\t<div class=\"elementor-element elementor-element-c43dd63 e-grid e-con-full e-con e-child\" data-id=\"c43dd63\" data-element_type=\"container\" data-e-type=\"container\">\n\t\t<div class=\"elementor-element elementor-element-c0e04d0 e-con-full e-flex e-con e-child\" data-id=\"c0e04d0\" data-element_type=\"container\" data-e-type=\"container\">\n\t\t\t\t<div class=\"elementor-element elementor-element-7e00eaf elementor-invisible elementor-widget elementor-widget-heading\" data-id=\"7e00eaf\" data-element_type=\"widget\" data-e-type=\"widget\" data-settings=\"{&quot;_animation&quot;:&quot;fadeInUp&quot;}\" data-widget_type=\"heading.default\">\n\t\t\t\t\t<h6 class=\"elementor-heading-title elementor-size-default\">desenvolvimento web<\/h6>\t\t\t\t<\/div>\n\t\t\t\t<\/div>\n\t\t<div class=\"elementor-element elementor-element-9f39b64 e-con-full e-flex e-con e-child\" data-id=\"9f39b64\" data-element_type=\"container\" data-e-type=\"container\">\n\t\t\t\t<div class=\"elementor-element elementor-element-881e24d elementor-invisible elementor-widget elementor-widget-heading\" data-id=\"881e24d\" data-element_type=\"widget\" data-e-type=\"widget\" data-settings=\"{&quot;_animation&quot;:&quot;fadeInUp&quot;}\" data-widget_type=\"heading.default\">\n\t\t\t\t\t<h6 class=\"elementor-heading-title elementor-size-default\">posicionamento<\/h6>\t\t\t\t<\/div>\n\t\t\t\t<\/div>\n\t\t<div class=\"elementor-element elementor-element-cc3593b e-con-full e-flex e-con e-child\" data-id=\"cc3593b\" data-element_type=\"container\" data-e-type=\"container\">\n\t\t\t\t<div class=\"elementor-element elementor-element-af21f5d elementor-invisible elementor-widget elementor-widget-heading\" data-id=\"af21f5d\" data-element_type=\"widget\" data-e-type=\"widget\" data-settings=\"{&quot;_animation&quot;:&quot;fadeInUp&quot;}\" data-widget_type=\"heading.default\">\n\t\t\t\t\t<h6 class=\"elementor-heading-title elementor-size-default\">tr\u00e1fego pago<\/h6>\t\t\t\t<\/div>\n\t\t\t\t<\/div>\n\t\t\t\t<\/div>\n\t\t<div class=\"elementor-element elementor-element-e5a0f30 e-con-full e-flex e-con e-child\" data-id=\"e5a0f30\" data-element_type=\"container\" data-e-type=\"container\" data-settings=\"{&quot;background_background&quot;:&quot;classic&quot;}\">\n\t\t\t\t<div class=\"elementor-element elementor-element-9b3deb3 elementor-widget-laptop__width-initial elementor-widget elementor-widget-heading\" data-id=\"9b3deb3\" data-element_type=\"widget\" data-e-type=\"widget\" data-widget_type=\"heading.default\">\n\t\t\t\t\t<h3 class=\"elementor-heading-title elementor-size-default\">Pol\u00edticas de Cookies<\/h3>\t\t\t\t<\/div>\n\t\t\t\t<div class=\"elementor-element elementor-element-54edf8c elementor-widget__width-initial elementor-widget elementor-widget-image\" data-id=\"54edf8c\" data-element_type=\"widget\" data-e-type=\"widget\" data-widget_type=\"image.default\">\n\t\t\t\t\t\t\t\t\t\t\t\t\t\t\t<img fetchpriority=\"high\" decoding=\"async\" width=\"398\" height=\"155\" src=\"https:\/\/lr3digital.com.br\/wp-content\/uploads\/2025\/08\/pretoPrancheta-1b2-1.png\" class=\"attachment-large size-large wp-image-256\" alt=\"Logo-LR3-Digital-Sobre\" srcset=\"https:\/\/lr3digital.com.br\/wp-content\/uploads\/2025\/08\/pretoPrancheta-1b2-1.png 398w, https:\/\/lr3digital.com.br\/wp-content\/uploads\/2025\/08\/pretoPrancheta-1b2-1-300x117.png 300w\" sizes=\"(max-width: 398px) 100vw, 398px\" \/>\t\t\t\t\t\t\t\t\t\t\t\t\t\t\t<\/div>\n\t\t\t\t<div class=\"elementor-element elementor-element-809cf00 elementor-widget__width-initial elementor-invisible elementor-widget elementor-widget-heading\" data-id=\"809cf00\" data-element_type=\"widget\" data-e-type=\"widget\" data-settings=\"{&quot;_animation&quot;:&quot;fadeInDown&quot;,&quot;_animation_delay&quot;:300}\" data-widget_type=\"heading.default\">\n\t\t\t\t\t<div class=\"elementor-heading-title elementor-size-default\">Desenvolvimento web, tr\u00e1fego pago, SEO e estrat\u00e9gias pensadas para gerar resultados reais, da cria\u00e7\u00e3o \u00e0 divulga\u00e7\u00e3o, cuidamos de todo o seu posicionamento online.<\/div>\t\t\t\t<\/div>\n\t\t<div class=\"elementor-element elementor-element-26c053e elementor-hidden-widescreen elementor-hidden-desktop elementor-hidden-laptop elementor-hidden-tablet_extra elementor-hidden-tablet elementor-hidden-mobile_extra elementor-hidden-mobile e-flex e-con-boxed e-con e-child\" data-id=\"26c053e\" data-element_type=\"container\" data-e-type=\"container\">\n\t\t\t\t\t<div class=\"e-con-inner\">\n\t\t\t\t<div class=\"elementor-element elementor-element-e1b6a28 elementor-align-center elementor-mobile-align-justify elementor-widget elementor-widget-button\" data-id=\"e1b6a28\" data-element_type=\"widget\" data-e-type=\"widget\" data-widget_type=\"button.default\">\n\t\t\t\t\t\t\t\t\t\t<a class=\"elementor-button elementor-button-link elementor-size-md\" href=\"#\">\n\t\t\t\t\t\t<span class=\"elementor-button-content-wrapper\">\n\t\t\t\t\t\t\t\t\t<span class=\"elementor-button-text\">Solu\u00e7\u00f5es para sua empresa<\/span>\n\t\t\t\t\t<\/span>\n\t\t\t\t\t<\/a>\n\t\t\t\t\t\t\t\t<\/div>\n\t\t\t\t\t<\/div>\n\t\t\t\t<\/div>\n\t\t\t\t<\/div>\n\t\t\t\t\t<\/div>\n\t\t\t\t<\/div>\n\t\t<div class=\"elementor-element elementor-element-96d3bcc e-flex e-con-boxed e-con e-parent\" data-id=\"96d3bcc\" data-element_type=\"container\" data-e-type=\"container\" data-settings=\"{&quot;background_background&quot;:&quot;classic&quot;}\">\n\t\t\t\t\t<div class=\"e-con-inner\">\n\t\t<div class=\"elementor-element elementor-element-c314545 e-con-full e-flex e-con e-child\" data-id=\"c314545\" data-element_type=\"container\" data-e-type=\"container\">\n\t\t\t\t<div class=\"elementor-element elementor-element-9a7217e elementor-widget__width-initial elementor-widget-mobile__width-initial elementor-widget elementor-widget-heading\" data-id=\"9a7217e\" data-element_type=\"widget\" data-e-type=\"widget\" data-widget_type=\"heading.default\">\n\t\t\t\t\t<h2 class=\"elementor-heading-title elementor-size-default\">O que s\u00e3o cookies?<\/h2>\t\t\t\t<\/div>\n\t\t\t\t<div class=\"elementor-element elementor-element-497c397 elementor-widget elementor-widget-text-editor\" data-id=\"497c397\" data-element_type=\"widget\" data-e-type=\"widget\" data-widget_type=\"text-editor.default\">\n\t\t\t\t\t\t\t\t\t<p>Esta Pol\u00edtica de Cookies explica o que s\u00e3o cookies e como os usamos, os tipos de cookies que usamos, ou seja, as informa\u00e7\u00f5es que coletamos usando cookies e como essas informa\u00e7\u00f5es s\u00e3o usadas, e como gerenciar as configura\u00e7\u00f5es de cookies.<\/p><p>Os cookies s\u00e3o pequenos arquivos de texto usados para armazenar pequenas informa\u00e7\u00f5es. Eles s\u00e3o armazenados no seu dispositivo quando o site \u00e9 carregado no seu navegador. Estes cookies ajudam-nos a fazer com que o site funcione corretamente, torn\u00e1-lo mais seguro, proporcionar uma melhor experi\u00eancia ao usu\u00e1rio e compreender o desempenho do site e analisar o que funciona e onde precisa de ser melhorado.<\/p>\t\t\t\t\t\t\t\t<\/div>\n\t\t\t\t<div class=\"elementor-element elementor-element-41d671f elementor-widget__width-initial elementor-widget-mobile__width-initial elementor-widget elementor-widget-heading\" data-id=\"41d671f\" data-element_type=\"widget\" data-e-type=\"widget\" data-widget_type=\"heading.default\">\n\t\t\t\t\t<h2 class=\"elementor-heading-title elementor-size-default\">Como usamos cookies?<\/h2>\t\t\t\t<\/div>\n\t\t\t\t<div class=\"elementor-element elementor-element-ca98636 elementor-widget elementor-widget-text-editor\" data-id=\"ca98636\" data-element_type=\"widget\" data-e-type=\"widget\" data-widget_type=\"text-editor.default\">\n\t\t\t\t\t\t\t\t\t<p>Como a maioria dos servi\u00e7os on-line, nosso site usa cookies pr\u00f3prios e de terceiros para diversas finalidades. Os cookies prim\u00e1rios s\u00e3o principalmente necess\u00e1rios para que o site funcione corretamente e n\u00e3o coletam nenhum dos seus dados de identifica\u00e7\u00e3o pessoal.<\/p><p>Os cookies de terceiros usados em nosso site s\u00e3o principalmente para entender o desempenho do site e como voc\u00ea interage com nosso site, mantendo nossos servi\u00e7os seguros, fornecendo an\u00fancios que sejam relevantes para voc\u00ea e, em suma, proporcionando-lhe uma experi\u00eancia de usu\u00e1rio cada vez melhor e ajudando a acelerar suas futuras intera\u00e7\u00f5es com nosso site.<\/p><p>Para remover cookies do navegador, por favor olhe as instru\u00e7\u00f5es nesse nesse <strong><a href=\"https:\/\/goadopt.io\/blog\/apagar-cookies-cache-navegador\/\" target=\"_blank\" rel=\"noopener\">LINK<\/a><\/strong><\/p>\t\t\t\t\t\t\t\t<\/div>\n\t\t\t\t<\/div>\n\t\t\t\t\t<\/div>\n\t\t\t\t<\/div>\n\t\t\t\t<\/div>\n\t\t","protected":false},"excerpt":{"rendered":"<p>Pol\u00edticas de Cookies Desenvolvimento web, tr\u00e1fego pago, SEO e estrat\u00e9gias pensadas para gerar resultados reais, da cria\u00e7\u00e3o \u00e0 divulga\u00e7\u00e3o, cuidamos de todo o seu posicionamento online. Solu\u00e7\u00f5es para sua empresa desenvolvimento web posicionamento tr\u00e1fego pago Pol\u00edticas de Cookies Desenvolvimento web, tr\u00e1fego pago, SEO e estrat\u00e9gias pensadas para gerar resultados reais, da cria\u00e7\u00e3o \u00e0 divulga\u00e7\u00e3o, cuidamos [&hellip;]<\/p>\n","protected":false},"author":1,"featured_media":0,"parent":0,"menu_order":0,"comment_status":"closed","ping_status":"closed","template":"elementor_header_footer","meta":{"footnotes":""},"class_list":["post-1139","page","type-page","status-publish","hentry"],"_links":{"self":[{"href":"https:\/\/lr3digital.com.br\/en\/wp-json\/wp\/v2\/pages\/1139","targetHints":{"allow":["GET"]}}],"collection":[{"href":"https:\/\/lr3digital.com.br\/en\/wp-json\/wp\/v2\/pages"}],"about":[{"href":"https:\/\/lr3digital.com.br\/en\/wp-json\/wp\/v2\/types\/page"}],"author":[{"embeddable":true,"href":"https:\/\/lr3digital.com.br\/en\/wp-json\/wp\/v2\/users\/1"}],"replies":[{"embeddable":true,"href":"https:\/\/lr3digital.com.br\/en\/wp-json\/wp\/v2\/comments?post=1139"}],"version-history":[{"count":0,"href":"https:\/\/lr3digital.com.br\/en\/wp-json\/wp\/v2\/pages\/1139\/revisions"}],"wp:attachment":[{"href":"https:\/\/lr3digital.com.br\/en\/wp-json\/wp\/v2\/media?parent=1139"}],"curies":[{"name":"wp","href":"https:\/\/api.w.org\/{rel}","templated":true}]}}